{"id":213,"date":"2019-05-24T14:44:23","date_gmt":"2019-05-24T17:44:23","guid":{"rendered":"https:\/\/andradasodontologia.com.br\/?page_id=213"},"modified":"2024-01-25T03:44:35","modified_gmt":"2024-01-25T06:44:35","slug":"especialidades","status":"publish","type":"page","link":"https:\/\/andradasodontologia.com.br\/index.php\/especialidades\/","title":{"rendered":"Especialidades"},"content":{"rendered":"\t\t<div data-elementor-type=\"wp-post\" data-elementor-id=\"213\" class=\"elementor elementor-213\" data-elementor-settings=\"[]\">\n\t\t\t<div class=\"elementor-inner\">\n\t\t\t\t<div class=\"elementor-section-wrap\">\n\t\t\t\t\t\t\t<section class=\"elementor-element elementor-element-6536290 elementor-section-boxed elementor-section-height-default elementor-section-height-default elementor-section elementor-top-section\" data-id=\"6536290\" data-element_type=\"section\">\n\t\t\t\t\t\t<div class=\"elementor-container elementor-column-gap-default\">\n\t\t\t\t<div class=\"elementor-row\">\n\t\t\t\t<div class=\"elementor-element elementor-element-7da6378 elementor-column elementor-col-33 elementor-top-column\" data-id=\"7da6378\" data-element_type=\"column\">\n\t\t\t<div class=\"elementor-column-wrap  elementor-element-populated\">\n\t\t\t\t\t<div class=\"elementor-widget-wrap\">\n\t\t\t\t<div class=\"elementor-element elementor-element-8eca11d elementor-widget elementor-widget-heading\" data-id=\"8eca11d\" data-element_type=\"widget\" data-widget_type=\"heading.default\">\n\t\t\t\t<div class=\"elementor-widget-container\">\n\t\t\t<h2 class=\"elementor-heading-title elementor-size-default\">Est\u00e9tica<\/h2>\t\t<\/div>\n\t\t\t\t<\/div>\n\t\t\t\t<div class=\"elementor-element elementor-element-f6c906a elementor-widget elementor-widget-text-editor\" data-id=\"f6c906a\" data-element_type=\"widget\" data-widget_type=\"text-editor.default\">\n\t\t\t\t<div class=\"elementor-widget-container\">\n\t\t\t\t\t<div class=\"elementor-text-editor elementor-clearfix\"><p>Em s\u00edntese, os recursos dispon\u00edveis para melhorar a est\u00e9tica do sorriso est\u00e3o o clareamento dental, coroas dent\u00e1rias, restaura\u00e7\u00f5es em resina ou porcelana, cirurgia gengival (gengivectomia), e aplica\u00e7\u00e3o das modernas lentes de contato dental.<\/p><p>As modernas lentes de contato dental s\u00e3o l\u00e2minas de porcelana ultrafinas, indicadas para corre\u00e7\u00e3o de problemas est\u00e9ticos dos dentes.<\/p><\/div>\n\t\t\t\t<\/div>\n\t\t\t\t<\/div>\n\t\t\t\t\t\t<\/div>\n\t\t\t<\/div>\n\t\t<\/div>\n\t\t\t\t<div class=\"elementor-element elementor-element-45cd341 elementor-column elementor-col-33 elementor-top-column\" data-id=\"45cd341\" data-element_type=\"column\">\n\t\t\t<div class=\"elementor-column-wrap  elementor-element-populated\">\n\t\t\t\t\t<div class=\"elementor-widget-wrap\">\n\t\t\t\t<div class=\"elementor-element elementor-element-9ce40ec elementor-widget elementor-widget-heading\" data-id=\"9ce40ec\" data-element_type=\"widget\" data-widget_type=\"heading.default\">\n\t\t\t\t<div class=\"elementor-widget-container\">\n\t\t\t<h2 class=\"elementor-heading-title elementor-size-default\">Implantes<\/h2>\t\t<\/div>\n\t\t\t\t<\/div>\n\t\t\t\t<div class=\"elementor-element elementor-element-97f6bab elementor-widget elementor-widget-text-editor\" data-id=\"97f6bab\" data-element_type=\"widget\" data-widget_type=\"text-editor.default\">\n\t\t\t\t<div class=\"elementor-widget-container\">\n\t\t\t\t\t<div class=\"elementor-text-editor elementor-clearfix\"><p>Trata-se um pino de tit\u00e2nio ou de cer\u00e2mica pura, que \u00e9 colocado cirurgicamente no osso maxilar e tem a fun\u00e7\u00e3o de substituir a raiz de um dente perdido.<\/p><p>A perda dos dentes pode ocorrer por traumas, c\u00e1ries, infec\u00e7\u00f5es gengivais, doen\u00e7a periodontal.<\/p><p>Nesses casos, ap\u00f3s a instala\u00e7\u00e3o do implante dent\u00e1rio, \u00e9 fixada uma pr\u00f3tese dent\u00e1ria que tem fun\u00e7\u00e3o e apar\u00eancia de um dente.<\/p><p>\u00a0<\/p><\/div>\n\t\t\t\t<\/div>\n\t\t\t\t<\/div>\n\t\t\t\t\t\t<\/div>\n\t\t\t<\/div>\n\t\t<\/div>\n\t\t\t\t<div class=\"elementor-element elementor-element-a46e833 elementor-column elementor-col-33 elementor-top-column\" data-id=\"a46e833\" data-element_type=\"column\">\n\t\t\t<div class=\"elementor-column-wrap  elementor-element-populated\">\n\t\t\t\t\t<div class=\"elementor-widget-wrap\">\n\t\t\t\t<div class=\"elementor-element elementor-element-5fce7ba elementor-widget elementor-widget-heading\" data-id=\"5fce7ba\" data-element_type=\"widget\" data-widget_type=\"heading.default\">\n\t\t\t\t<div class=\"elementor-widget-container\">\n\t\t\t<h2 class=\"elementor-heading-title elementor-size-default\">Ortodontia<\/h2>\t\t<\/div>\n\t\t\t\t<\/div>\n\t\t\t\t<div class=\"elementor-element elementor-element-b454f1a elementor-widget elementor-widget-text-editor\" data-id=\"b454f1a\" data-element_type=\"widget\" data-widget_type=\"text-editor.default\">\n\t\t\t\t<div class=\"elementor-widget-container\">\n\t\t\t\t\t<div class=\"elementor-text-editor elementor-clearfix\"><p><strong>Porque devo usar aparelho ortod\u00f4ntico?<\/strong><\/p><ul><li><p>Corrige a posi\u00e7\u00e3o dos dentes<\/p><\/li><li><p>Evita a perda de dentes<\/p><\/li><li><p>Evita dores na articula\u00e7\u00e3o<\/p><\/li><li><p>Facilita a higieniza\u00e7\u00e3o em dentes tortos<\/p><\/li><li><p>Melhora a mastiga\u00e7\u00e3o, fala e respira\u00e7\u00e3o<\/p><\/li><li><p>Eleva a auto-estima<\/p><\/li><\/ul><\/div>\n\t\t\t\t<\/div>\n\t\t\t\t<\/div>\n\t\t\t\t\t\t<\/div>\n\t\t\t<\/div>\n\t\t<\/div>\n\t\t\t\t\t\t<\/div>\n\t\t\t<\/div>\n\t\t<\/section>\n\t\t\t\t<section class=\"elementor-element elementor-element-b05d5d1 elementor-section-boxed elementor-section-height-default elementor-section-height-default elementor-section elementor-top-section\" data-id=\"b05d5d1\" data-element_type=\"section\">\n\t\t\t\t\t\t<div class=\"elementor-container elementor-column-gap-default\">\n\t\t\t\t<div class=\"elementor-row\">\n\t\t\t\t<div class=\"elementor-element elementor-element-5c68ece elementor-column elementor-col-100 elementor-top-column\" data-id=\"5c68ece\" data-element_type=\"column\">\n\t\t\t<div class=\"elementor-column-wrap  elementor-element-populated\">\n\t\t\t\t\t<div class=\"elementor-widget-wrap\">\n\t\t\t\t<div class=\"elementor-element elementor-element-db52466 elementor-widget elementor-widget-image-gallery\" data-id=\"db52466\" data-element_type=\"widget\" data-widget_type=\"image-gallery.default\">\n\t\t\t\t<div class=\"elementor-widget-container\">\n\t\t\t\t\t<div class=\"elementor-image-gallery\">\n\t\t\t<div id='gallery-1' class='gallery galleryid-213 gallery-columns-6 gallery-size-thumbnail'><figure class='gallery-item'>\n\t\t\t<div class='gallery-icon portrait'>\n\t\t\t\t<a data-elementor-open-lightbox=\"default\" data-elementor-lightbox-slideshow=\"db52466\" href='https:\/\/andradasodontologia.com.br\/wp-content\/uploads\/2019\/05\/lente.jpg'><img loading=\"lazy\" decoding=\"async\" width=\"150\" height=\"150\" src=\"https:\/\/andradasodontologia.com.br\/wp-content\/uploads\/2019\/05\/lente-150x150.jpg\" class=\"attachment-thumbnail size-thumbnail\" alt=\"\" srcset=\"https:\/\/andradasodontologia.com.br\/wp-content\/uploads\/2019\/05\/lente-150x150.jpg 150w, https:\/\/andradasodontologia.com.br\/wp-content\/uploads\/2019\/05\/lente-270x270.jpg 270w, https:\/\/andradasodontologia.com.br\/wp-content\/uploads\/2019\/05\/lente-230x230.jpg 230w\" sizes=\"(max-width: 150px) 100vw, 150px\" \/><\/a>\n\t\t\t<\/div><\/figure><figure class='gallery-item'>\n\t\t\t<div class='gallery-icon landscape'>\n\t\t\t\t<a data-elementor-open-lightbox=\"default\" data-elementor-lightbox-slideshow=\"db52466\" href='https:\/\/andradasodontologia.com.br\/wp-content\/uploads\/2019\/05\/aparelhos.png'><img loading=\"lazy\" decoding=\"async\" width=\"150\" height=\"150\" src=\"https:\/\/andradasodontologia.com.br\/wp-content\/uploads\/2019\/05\/aparelhos-150x150.png\" class=\"attachment-thumbnail size-thumbnail\" alt=\"\" srcset=\"https:\/\/andradasodontologia.com.br\/wp-content\/uploads\/2019\/05\/aparelhos-150x150.png 150w, https:\/\/andradasodontologia.com.br\/wp-content\/uploads\/2019\/05\/aparelhos-270x270.png 270w, https:\/\/andradasodontologia.com.br\/wp-content\/uploads\/2019\/05\/aparelhos-230x230.png 230w\" sizes=\"(max-width: 150px) 100vw, 150px\" \/><\/a>\n\t\t\t<\/div><\/figure><figure class='gallery-item'>\n\t\t\t<div class='gallery-icon landscape'>\n\t\t\t\t<a data-elementor-open-lightbox=\"default\" data-elementor-lightbox-slideshow=\"db52466\" href='https:\/\/andradasodontologia.com.br\/wp-content\/uploads\/2019\/05\/implante.jpeg'><img loading=\"lazy\" decoding=\"async\" width=\"150\" height=\"150\" src=\"https:\/\/andradasodontologia.com.br\/wp-content\/uploads\/2019\/05\/implante-150x150.jpeg\" class=\"attachment-thumbnail size-thumbnail\" alt=\"\" srcset=\"https:\/\/andradasodontologia.com.br\/wp-content\/uploads\/2019\/05\/implante-150x150.jpeg 150w, https:\/\/andradasodontologia.com.br\/wp-content\/uploads\/2019\/05\/implante-270x270.jpeg 270w, https:\/\/andradasodontologia.com.br\/wp-content\/uploads\/2019\/05\/implante-230x230.jpeg 230w\" sizes=\"(max-width: 150px) 100vw, 150px\" \/><\/a>\n\t\t\t<\/div><\/figure><figure class='gallery-item'>\n\t\t\t<div class='gallery-icon landscape'>\n\t\t\t\t<a data-elementor-open-lightbox=\"default\" data-elementor-lightbox-slideshow=\"db52466\" href='https:\/\/andradasodontologia.com.br\/wp-content\/uploads\/2019\/05\/aparelho-conv.jpg'><img loading=\"lazy\" decoding=\"async\" width=\"150\" height=\"150\" src=\"https:\/\/andradasodontologia.com.br\/wp-content\/uploads\/2019\/05\/aparelho-conv-150x150.jpg\" class=\"attachment-thumbnail size-thumbnail\" alt=\"\" srcset=\"https:\/\/andradasodontologia.com.br\/wp-content\/uploads\/2019\/05\/aparelho-conv-150x150.jpg 150w, https:\/\/andradasodontologia.com.br\/wp-content\/uploads\/2019\/05\/aparelho-conv-230x230.jpg 230w\" sizes=\"(max-width: 150px) 100vw, 150px\" \/><\/a>\n\t\t\t<\/div><\/figure><figure class='gallery-item'>\n\t\t\t<div class='gallery-icon landscape'>\n\t\t\t\t<a data-elementor-open-lightbox=\"default\" data-elementor-lightbox-slideshow=\"db52466\" href='https:\/\/andradasodontologia.com.br\/wp-content\/uploads\/2019\/08\/foto-3.jpg'><img loading=\"lazy\" decoding=\"async\" width=\"150\" height=\"150\" src=\"https:\/\/andradasodontologia.com.br\/wp-content\/uploads\/2019\/08\/foto-3-150x150.jpg\" class=\"attachment-thumbnail size-thumbnail\" alt=\"\" \/><\/a>\n\t\t\t<\/div><\/figure><figure class='gallery-item'>\n\t\t\t<div class='gallery-icon landscape'>\n\t\t\t\t<a data-elementor-open-lightbox=\"default\" data-elementor-lightbox-slideshow=\"db52466\" href='https:\/\/andradasodontologia.com.br\/wp-content\/uploads\/2019\/08\/FOTO-5.jpg'><img loading=\"lazy\" decoding=\"async\" width=\"150\" height=\"150\" src=\"https:\/\/andradasodontologia.com.br\/wp-content\/uploads\/2019\/08\/FOTO-5-150x150.jpg\" class=\"attachment-thumbnail size-thumbnail\" alt=\"\" \/><\/a>\n\t\t\t<\/div><\/figure><figure class='gallery-item'>\n\t\t\t<div class='gallery-icon landscape'>\n\t\t\t\t<a data-elementor-open-lightbox=\"default\" data-elementor-lightbox-slideshow=\"db52466\" href='https:\/\/andradasodontologia.com.br\/wp-content\/uploads\/2019\/08\/FOTO-6.jpg'><img loading=\"lazy\" decoding=\"async\" width=\"150\" height=\"150\" src=\"https:\/\/andradasodontologia.com.br\/wp-content\/uploads\/2019\/08\/FOTO-6-150x150.jpg\" class=\"attachment-thumbnail size-thumbnail\" alt=\"\" \/><\/a>\n\t\t\t<\/div><\/figure><figure class='gallery-item'>\n\t\t\t<div class='gallery-icon landscape'>\n\t\t\t\t<a data-elementor-open-lightbox=\"default\" data-elementor-lightbox-slideshow=\"db52466\" href='https:\/\/andradasodontologia.com.br\/wp-content\/uploads\/2019\/08\/FOTO-7.jpg'><img loading=\"lazy\" decoding=\"async\" width=\"150\" height=\"150\" src=\"https:\/\/andradasodontologia.com.br\/wp-content\/uploads\/2019\/08\/FOTO-7-150x150.jpg\" class=\"attachment-thumbnail size-thumbnail\" alt=\"\" \/><\/a>\n\t\t\t<\/div><\/figure><figure class='gallery-item'>\n\t\t\t<div class='gallery-icon landscape'>\n\t\t\t\t<a data-elementor-open-lightbox=\"default\" data-elementor-lightbox-slideshow=\"db52466\" href='https:\/\/andradasodontologia.com.br\/wp-content\/uploads\/2019\/08\/FOTO-8.jpg'><img loading=\"lazy\" decoding=\"async\" width=\"150\" height=\"150\" src=\"https:\/\/andradasodontologia.com.br\/wp-content\/uploads\/2019\/08\/FOTO-8-150x150.jpg\" class=\"attachment-thumbnail size-thumbnail\" alt=\"\" \/><\/a>\n\t\t\t<\/div><\/figure><figure class='gallery-item'>\n\t\t\t<div class='gallery-icon landscape'>\n\t\t\t\t<a data-elementor-open-lightbox=\"default\" data-elementor-lightbox-slideshow=\"db52466\" href='https:\/\/andradasodontologia.com.br\/wp-content\/uploads\/2019\/08\/FOTO-9.jpg'><img loading=\"lazy\" decoding=\"async\" width=\"150\" height=\"149\" src=\"https:\/\/andradasodontologia.com.br\/wp-content\/uploads\/2019\/08\/FOTO-9-150x149.jpg\" class=\"attachment-thumbnail size-thumbnail\" alt=\"\" \/><\/a>\n\t\t\t<\/div><\/figure><figure class='gallery-item'>\n\t\t\t<div class='gallery-icon portrait'>\n\t\t\t\t<a data-elementor-open-lightbox=\"default\" data-elementor-lightbox-slideshow=\"db52466\" href='https:\/\/andradasodontologia.com.br\/wp-content\/uploads\/2019\/08\/FOTO-10.jpg'><img loading=\"lazy\" decoding=\"async\" width=\"150\" height=\"150\" src=\"https:\/\/andradasodontologia.com.br\/wp-content\/uploads\/2019\/08\/FOTO-10-150x150.jpg\" class=\"attachment-thumbnail size-thumbnail\" alt=\"\" \/><\/a>\n\t\t\t<\/div><\/figure><figure class='gallery-item'>\n\t\t\t<div class='gallery-icon landscape'>\n\t\t\t\t<a data-elementor-open-lightbox=\"default\" data-elementor-lightbox-slideshow=\"db52466\" href='https:\/\/andradasodontologia.com.br\/wp-content\/uploads\/2019\/08\/foto-2.jpg'><img loading=\"lazy\" decoding=\"async\" width=\"150\" height=\"150\" src=\"https:\/\/andradasodontologia.com.br\/wp-content\/uploads\/2019\/08\/foto-2-150x150.jpg\" class=\"attachment-thumbnail size-thumbnail\" alt=\"\" \/><\/a>\n\t\t\t<\/div><\/figure>\n\t\t<\/div>\n\t\t<\/div>\n\t\t\t\t<\/div>\n\t\t\t\t<\/div>\n\t\t\t\t\t\t<\/div>\n\t\t\t<\/div>\n\t\t<\/div>\n\t\t\t\t\t\t<\/div>\n\t\t\t<\/div>\n\t\t<\/section>\n\t\t\t\t\t\t<\/div>\n\t\t\t<\/div>\n\t\t<\/div>\n\t\t","protected":false},"excerpt":{"rendered":"<p>Est\u00e9tica akademischer ghostwriter Em s\u00edntese, os recursos dispon\u00edveis para melhorar a est\u00e9tica do sorriso est\u00e3o o clareamento dental, coroas dent\u00e1rias, restaura\u00e7\u00f5es em resina ou porcelana, ci\u0440\u0430\u0432\u043d\u0438 \u0431\u043e\u0442\u0443\u0448\u0438 \u043b\u0430\u043a \u0438 \u043a\u043e\u0436\u0430 alviero martini prima classe portafoglio scooter hut melbourne violino nero<\/p>\n","protected":false},"author":1,"featured_media":0,"parent":0,"menu_order":0,"comment_status":"closed","ping_status":"closed","template":"","meta":{"footnotes":""},"class_list":["post-213","page","type-page","status-publish","hentry"],"_links":{"self":[{"href":"https:\/\/andradasodontologia.com.br\/index.php\/wp-json\/wp\/v2\/pages\/213"}],"collection":[{"href":"https:\/\/andradasodontologia.com.br\/index.php\/wp-json\/wp\/v2\/pages"}],"about":[{"href":"https:\/\/andradasodontologia.com.br\/index.php\/wp-json\/wp\/v2\/types\/page"}],"author":[{"embeddable":true,"href":"https:\/\/andradasodontologia.com.br\/index.php\/wp-json\/wp\/v2\/users\/1"}],"replies":[{"embeddable":true,"href":"https:\/\/andradasodontologia.com.br\/index.php\/wp-json\/wp\/v2\/comments?post=213"}],"version-history":[{"count":45,"href":"https:\/\/andradasodontologia.com.br\/index.php\/wp-json\/wp\/v2\/pages\/213\/revisions"}],"predecessor-version":[{"id":14537,"href":"https:\/\/andradasodontologia.com.br\/index.php\/wp-json\/wp\/v2\/pages\/213\/revisions\/14537"}],"wp:attachment":[{"href":"https:\/\/andradasodontologia.com.br\/index.php\/wp-json\/wp\/v2\/media?parent=213"}],"curies":[{"name":"wp","href":"https:\/\/api.w.org\/{rel}","templated":true}]}}