{"id":586,"date":"2019-12-16T13:14:23","date_gmt":"2019-12-16T16:14:23","guid":{"rendered":"https:\/\/andradasodontologia.com.br\/?page_id=586"},"modified":"2024-01-23T06:42:19","modified_gmt":"2024-01-23T09:42:19","slug":"novidades","status":"publish","type":"page","link":"https:\/\/andradasodontologia.com.br\/index.php\/novidades\/","title":{"rendered":"Novidades"},"content":{"rendered":"\t\t<div data-elementor-type=\"wp-page\" data-elementor-id=\"586\" class=\"elementor elementor-586\" data-elementor-settings=\"[]\">\n\t\t\t<div class=\"elementor-inner\">\n\t\t\t\t<div class=\"elementor-section-wrap\">\n\t\t\t\t\t\t\t<section class=\"elementor-element elementor-element-4ee78e1 elementor-section-full_width elementor-section-content-middle elementor-section-height-default elementor-section-height-default elementor-section elementor-top-section\" data-id=\"4ee78e1\" data-element_type=\"section\">\n\t\t\t\t\t\t<div class=\"elementor-container elementor-column-gap-default\">\n\t\t\t\t<div class=\"elementor-row\">\n\t\t\t\t<div class=\"elementor-element elementor-element-1e3a312 elementor-column elementor-col-100 elementor-top-column\" data-id=\"1e3a312\" data-element_type=\"column\">\n\t\t\t<div class=\"elementor-column-wrap  elementor-element-populated\">\n\t\t\t\t\t<div class=\"elementor-widget-wrap\">\n\t\t\t\t<div class=\"elementor-element elementor-element-7970925 elementor-widget elementor-widget-shortcode\" data-id=\"7970925\" data-element_type=\"widget\" data-widget_type=\"shortcode.default\">\n\t\t\t\t<div class=\"elementor-widget-container\">\n\t\t\t\t\t<div class=\"elementor-shortcode\">\r\n<div id=\"sb_instagram\" class=\"sbi sbi_col_4  sbi_width_resp\" style=\"padding-bottom: 10px;width: 100%;\" data-feedid=\"sbi_andradasodontologia#4\" data-res=\"auto\" data-cols=\"4\" data-num=\"4\" data-shortcode-atts=\"{}\" >\r\n\t\r\n    <div id=\"sbi_images\" style=\"padding: 5px;\">\r\n\t\t<div class=\"sbi_item sbi_type_image sbi_new sbi_transition\" id=\"sbi_18089493499292386\" data-date=\"1651075789\">\r\n    <div class=\"sbi_photo_wrap\">\r\n        <a class=\"sbi_photo\" href=\"https:\/\/www.instagram.com\/p\/Cc3FY0QumVr\/\" target=\"_blank\" rel=\"noopener\" data-full-res=\"https:\/\/scontent-hou1-1.cdninstagram.com\/v\/t51.29350-15\/279137180_536106901478479_1773602883562216152_n.webp?stp=dst-jpg&#038;_nc_cat=103&#038;ccb=1-7&#038;_nc_sid=8ae9d6&#038;_nc_ohc=T-NAQSPgT44AX8MJt2b&#038;_nc_ht=scontent-hou1-1.cdninstagram.com&#038;edm=AM6HXa8EAAAA&#038;oh=00_AT_PC9rq75KW7KkLTLp3YDQuLC6-x_-095En4esZo92LHA&#038;oe=628E35A2\" data-img-src-set=\"{&quot;d&quot;:&quot;https:\\\/\\\/scontent-hou1-1.cdninstagram.com\\\/v\\\/t51.29350-15\\\/279137180_536106901478479_1773602883562216152_n.webp?stp=dst-jpg&amp;_nc_cat=103&amp;ccb=1-7&amp;_nc_sid=8ae9d6&amp;_nc_ohc=T-NAQSPgT44AX8MJt2b&amp;_nc_ht=scontent-hou1-1.cdninstagram.com&amp;edm=AM6HXa8EAAAA&amp;oh=00_AT_PC9rq75KW7KkLTLp3YDQuLC6-x_-095En4esZo92LHA&amp;oe=628E35A2&quot;,&quot;150&quot;:&quot;https:\\\/\\\/www.instagram.com\\\/p\\\/Cc3FY0QumVr\\\/media?size=t&quot;,&quot;320&quot;:&quot;https:\\\/\\\/www.instagram.com\\\/p\\\/Cc3FY0QumVr\\\/media?size=m&quot;,&quot;640&quot;:&quot;https:\\\/\\\/scontent-hou1-1.cdninstagram.com\\\/v\\\/t51.29350-15\\\/279137180_536106901478479_1773602883562216152_n.webp?stp=dst-jpg&amp;_nc_cat=103&amp;ccb=1-7&amp;_nc_sid=8ae9d6&amp;_nc_ohc=T-NAQSPgT44AX8MJt2b&amp;_nc_ht=scontent-hou1-1.cdninstagram.com&amp;edm=AM6HXa8EAAAA&amp;oh=00_AT_PC9rq75KW7KkLTLp3YDQuLC6-x_-095En4esZo92LHA&amp;oe=628E35A2&quot;}\">\r\n            <span class=\"sbi-screenreader\">Procedimento de coroa\n\nProcedimento realizado pelo<\/span>\r\n            \t                    <img decoding=\"async\" src=\"https:\/\/andradasodontologia.com.br\/wp-content\/plugins\/instagram-feed\/img\/placeholder.png\" alt=\"Procedimento de coroa\n\nProcedimento realizado pelo Dr. @fregnanimenegon CRO-114534\n\nPara mais informa\u00e7\u00f5es ou agendar sua avalia\u00e7\u00e3o, fale conosco pelos n\u00fameros (11) 4437-2920 ou (11) 4432-3467\n\n\u26a0\ufe0f Foto autorizada pelo paciente de acordo com a resolu\u00e7\u00e3o 196\/2019 do Conselho Federal de Odontologia (CFO)\n\n\u2022 Os resultados podem variar de acordo com cada paciente. Cada caso \u00e9 um caso, portanto as imagens n\u00e3o podem servir como par\u00e2metro de resultado\/tratamentos futuros.\n.\n#andradasodontologia #odontologia #estetica #ortodontia #dentistaporamor #dentista #clinicogeral #restaura\u00e7\u00e3o #coroadentaria #implantes #sa\u00fade #dentes #dentesbrancos #dentesperfeitos #saude #saudebucal #familia #santoandre #abcpaulista #diadema\">\r\n        <\/a>\r\n    <\/div>\r\n<\/div><div class=\"sbi_item sbi_type_image sbi_new sbi_transition\" id=\"sbi_17916460697461022\" data-date=\"1649260951\">\r\n    <div class=\"sbi_photo_wrap\">\r\n        <a class=\"sbi_photo\" href=\"https:\/\/www.instagram.com\/p\/CcA_3ASOQDt\/\" target=\"_blank\" rel=\"noopener\" data-full-res=\"https:\/\/scontent-hou1-1.cdninstagram.com\/v\/t51.29350-15\/278099206_156287456806302_7415155466488429328_n.webp?stp=dst-jpg&#038;_nc_cat=105&#038;ccb=1-7&#038;_nc_sid=8ae9d6&#038;_nc_ohc=pOoqeYZpzFQAX8z60AK&#038;_nc_ht=scontent-hou1-1.cdninstagram.com&#038;edm=AM6HXa8EAAAA&#038;oh=00_AT8tFU27fiYpZFwigTBYKQTwJ8mAYuRqch_ABTxlBpEG6Q&#038;oe=628DB4EA\" data-img-src-set=\"{&quot;d&quot;:&quot;https:\\\/\\\/scontent-hou1-1.cdninstagram.com\\\/v\\\/t51.29350-15\\\/278099206_156287456806302_7415155466488429328_n.webp?stp=dst-jpg&amp;_nc_cat=105&amp;ccb=1-7&amp;_nc_sid=8ae9d6&amp;_nc_ohc=pOoqeYZpzFQAX8z60AK&amp;_nc_ht=scontent-hou1-1.cdninstagram.com&amp;edm=AM6HXa8EAAAA&amp;oh=00_AT8tFU27fiYpZFwigTBYKQTwJ8mAYuRqch_ABTxlBpEG6Q&amp;oe=628DB4EA&quot;,&quot;150&quot;:&quot;https:\\\/\\\/www.instagram.com\\\/p\\\/CcA_3ASOQDt\\\/media?size=t&quot;,&quot;320&quot;:&quot;https:\\\/\\\/www.instagram.com\\\/p\\\/CcA_3ASOQDt\\\/media?size=m&quot;,&quot;640&quot;:&quot;https:\\\/\\\/scontent-hou1-1.cdninstagram.com\\\/v\\\/t51.29350-15\\\/278099206_156287456806302_7415155466488429328_n.webp?stp=dst-jpg&amp;_nc_cat=105&amp;ccb=1-7&amp;_nc_sid=8ae9d6&amp;_nc_ohc=pOoqeYZpzFQAX8z60AK&amp;_nc_ht=scontent-hou1-1.cdninstagram.com&amp;edm=AM6HXa8EAAAA&amp;oh=00_AT8tFU27fiYpZFwigTBYKQTwJ8mAYuRqch_ABTxlBpEG6Q&amp;oe=628DB4EA&quot;}\">\r\n            <span class=\"sbi-screenreader\">Paciente colocava a m\u00e3o na boca ao sorrir\nE agora<\/span>\r\n            \t                    <img decoding=\"async\" src=\"https:\/\/andradasodontologia.com.br\/wp-content\/plugins\/instagram-feed\/img\/placeholder.png\" alt=\"Paciente colocava a m\u00e3o na boca ao sorrir\nE agora est\u00e1 muito feliz com seu diastema fechado \ud83d\ude01\ud83d\ude01\ud83d\ude01\n\nProcedimentos realizado pela Dra. @sophiskalil CRO-148264\n\nPara mais informa\u00e7\u00f5es ou agendar sua avalia\u00e7\u00e3o, fale conosco pelos numeros (11) 4437-2920 ou (11) 4432-3467\n\n\u2022Foto autorizada pelo paciente\n\n\u2022 Os resultados podem variar de acordo com cada paciente. Cada caso \u00e9 um caso, portanto as imagens n\u00e3o podem servir como par\u00e2metro de resultado\/tratamentos futuros.\n.\n#andradasodontologia #odontologia #estetica #ortodontia #dentistaporamor #dentista #clinicogeral #restaura\u00e7\u00e3o #sa\u00fade #dentes #dentesbrancos #dentesperfeitos #saude #saudebucal #familia #santoandre #abcpaulista #diadema\">\r\n        <\/a>\r\n    <\/div>\r\n<\/div><div class=\"sbi_item sbi_type_carousel sbi_new sbi_transition\" id=\"sbi_17842060691754302\" data-date=\"1646841992\">\r\n    <div class=\"sbi_photo_wrap\">\r\n        <a class=\"sbi_photo\" href=\"https:\/\/www.instagram.com\/p\/Ca46D3Ju2HW\/\" target=\"_blank\" rel=\"noopener\" data-full-res=\"https:\/\/scontent-hou1-1.cdninstagram.com\/v\/t51.29350-15\/275481621_345369030863838_8656014215591188188_n.webp?stp=dst-jpg&#038;_nc_cat=110&#038;ccb=1-7&#038;_nc_sid=8ae9d6&#038;_nc_ohc=GeVpfUP1I2gAX8IRvob&#038;_nc_ht=scontent-hou1-1.cdninstagram.com&#038;edm=AM6HXa8EAAAA&#038;oh=00_AT_plquuY1motw527GkwCwfeR6NIX_TizxwD8uiBakBAYw&#038;oe=628EDF38\" data-img-src-set=\"{&quot;d&quot;:&quot;https:\\\/\\\/scontent-hou1-1.cdninstagram.com\\\/v\\\/t51.29350-15\\\/275481621_345369030863838_8656014215591188188_n.webp?stp=dst-jpg&amp;_nc_cat=110&amp;ccb=1-7&amp;_nc_sid=8ae9d6&amp;_nc_ohc=GeVpfUP1I2gAX8IRvob&amp;_nc_ht=scontent-hou1-1.cdninstagram.com&amp;edm=AM6HXa8EAAAA&amp;oh=00_AT_plquuY1motw527GkwCwfeR6NIX_TizxwD8uiBakBAYw&amp;oe=628EDF38&quot;,&quot;150&quot;:&quot;https:\\\/\\\/www.instagram.com\\\/p\\\/Ca46D3Ju2HW\\\/media?size=t&quot;,&quot;320&quot;:&quot;https:\\\/\\\/www.instagram.com\\\/p\\\/Ca46D3Ju2HW\\\/media?size=m&quot;,&quot;640&quot;:&quot;https:\\\/\\\/www.instagram.com\\\/p\\\/Ca46D3Ju2HW\\\/media?size=l&quot;}\">\r\n            <span class=\"sbi-screenreader\">Antes e depois casos de restaura\u00e7\u00e3o\n\nProcediment<\/span>\r\n            <svg class=\"svg-inline--fa fa-clone fa-w-16 sbi_lightbox_carousel_icon\" aria-hidden=\"true\" aria-label=\"Clone\" data-fa-pro\u0192cessed=\"\" data-prefix=\"far\" data-icon=\"clone\" role=\"img\" xmlns=\"http:\/\/www.w3.org\/2000\/svg\" viewBox=\"0 0 512 512\">\r\n\t                <path fill=\"currentColor\" d=\"M464 0H144c-26.51 0-48 21.49-48 48v48H48c-26.51 0-48 21.49-48 48v320c0 26.51 21.49 48 48 48h320c26.51 0 48-21.49 48-48v-48h48c26.51 0 48-21.49 48-48V48c0-26.51-21.49-48-48-48zM362 464H54a6 6 0 0 1-6-6V150a6 6 0 0 1 6-6h42v224c0 26.51 21.49 48 48 48h224v42a6 6 0 0 1-6 6zm96-96H150a6 6 0 0 1-6-6V54a6 6 0 0 1 6-6h308a6 6 0 0 1 6 6v308a6 6 0 0 1-6 6z\"><\/path>\r\n\t            <\/svg>\t                    <img decoding=\"async\" src=\"https:\/\/andradasodontologia.com.br\/wp-content\/plugins\/instagram-feed\/img\/placeholder.png\" alt=\"Antes e depois casos de restaura\u00e7\u00e3o\n\nProcedimentos realizado pela Dra. @sophiskalil CRO-148264\n\nPara mais informa\u00e7\u00f5es ou agendar sua avalia\u00e7\u00e3o, fale conosco pelos numeros (11) 4437-2920 ou (11) 4432-3467\n\n\u2022Foto autorizada pelo paciente\n\n\u2022 Os resultados podem variar de acordo com cada paciente. Cada caso \u00e9 um caso, portanto as imagens n\u00e3o podem servir como par\u00e2metro de resultado\/tratamentos futuros.\n.\n#andradasodontologia #odontologia #estetica #ortodontia #dentistaporamor #dentista #clinicogeral #restaura\u00e7\u00e3o #sa\u00fade #dentes #dentesbrancos #dentesperfeitos #saude #saudebucal #familia #santoandre #abcpaulista #diadema\">\r\n        <\/a>\r\n    <\/div>\r\n<\/div><div class=\"sbi_item sbi_type_carousel sbi_new sbi_transition\" id=\"sbi_17857419443684681\" data-date=\"1645632186\">\r\n    <div class=\"sbi_photo_wrap\">\r\n        <a class=\"sbi_photo\" href=\"https:\/\/www.instagram.com\/p\/CaU2iiFr76r\/\" target=\"_blank\" rel=\"noopener\" data-full-res=\"https:\/\/scontent-hou1-1.cdninstagram.com\/v\/t51.29350-15\/274620314_1275871792904531_7560605208190986283_n.jpg?_nc_cat=103&#038;ccb=1-7&#038;_nc_sid=8ae9d6&#038;_nc_ohc=RTbwQ5XHzR4AX_CK_Ay&#038;_nc_ht=scontent-hou1-1.cdninstagram.com&#038;edm=AM6HXa8EAAAA&#038;oh=00_AT9DOf6xnVNQdqmNzyspnfbj3LR8QmGD7slZ0mp8TIb__w&#038;oe=628E55E9\" data-img-src-set=\"{&quot;d&quot;:&quot;https:\\\/\\\/scontent-hou1-1.cdninstagram.com\\\/v\\\/t51.29350-15\\\/274620314_1275871792904531_7560605208190986283_n.jpg?_nc_cat=103&amp;ccb=1-7&amp;_nc_sid=8ae9d6&amp;_nc_ohc=RTbwQ5XHzR4AX_CK_Ay&amp;_nc_ht=scontent-hou1-1.cdninstagram.com&amp;edm=AM6HXa8EAAAA&amp;oh=00_AT9DOf6xnVNQdqmNzyspnfbj3LR8QmGD7slZ0mp8TIb__w&amp;oe=628E55E9&quot;,&quot;150&quot;:&quot;https:\\\/\\\/www.instagram.com\\\/p\\\/CaU2iiFr76r\\\/media?size=t&quot;,&quot;320&quot;:&quot;https:\\\/\\\/www.instagram.com\\\/p\\\/CaU2iiFr76r\\\/media?size=m&quot;,&quot;640&quot;:&quot;https:\\\/\\\/www.instagram.com\\\/p\\\/CaU2iiFr76r\\\/media?size=l&quot;}\">\r\n            <span class=\"sbi-screenreader\">Procedimento realizado pela Dra. @sophiskalil CRO-<\/span>\r\n            <svg class=\"svg-inline--fa fa-clone fa-w-16 sbi_lightbox_carousel_icon\" aria-hidden=\"true\" aria-label=\"Clone\" data-fa-pro\u0192cessed=\"\" data-prefix=\"far\" data-icon=\"clone\" role=\"img\" xmlns=\"http:\/\/www.w3.org\/2000\/svg\" viewBox=\"0 0 512 512\">\r\n\t                <path fill=\"currentColor\" d=\"M464 0H144c-26.51 0-48 21.49-48 48v48H48c-26.51 0-48 21.49-48 48v320c0 26.51 21.49 48 48 48h320c26.51 0 48-21.49 48-48v-48h48c26.51 0 48-21.49 48-48V48c0-26.51-21.49-48-48-48zM362 464H54a6 6 0 0 1-6-6V150a6 6 0 0 1 6-6h42v224c0 26.51 21.49 48 48 48h224v42a6 6 0 0 1-6 6zm96-96H150a6 6 0 0 1-6-6V54a6 6 0 0 1 6-6h308a6 6 0 0 1 6 6v308a6 6 0 0 1-6 6z\"><\/path>\r\n\t            <\/svg>\t                    <img decoding=\"async\" src=\"https:\/\/andradasodontologia.com.br\/wp-content\/plugins\/instagram-feed\/img\/placeholder.png\" alt=\"Procedimento realizado pela Dra. @sophiskalil CRO-148264\n\nPara mais informa\u00e7\u00f5es ou agendar sua avalia\u00e7\u00e3o, fale conosco pelos numeros (11) 4437-2920 ou (11) 4432-3467\n\n\u2022Foto autorizada pelo paciente\n\n\u2022 Os resultados podem variar de acordo com cada paciente. Cada caso \u00e9 um caso, portanto as imagens n\u00e3o podem servir como par\u00e2metro de resultado\/tratamentos futuros.\n.\n#andradasodontologia #odontologia #estetica #ortodontia #dentistaporamor #dentista #clinicogeral #restaura\u00e7\u00e3o #sa\u00fade #dentes #dentesbrancos #dentesperfeitos #saude #saudebucal #familia #santoandre #abcpaulista #diadema\">\r\n        <\/a>\r\n    <\/div>\r\n<\/div>    <\/div>\r\n\r\n\t<div id=\"sbi_load\">\r\n\r\n\t\r\n\t    <span class=\"sbi_follow_btn sbi_custom\">\r\n        <a href=\"https:\/\/www.instagram.com\/andradasodontologia\" style=\"background: rgb(214,23,99);\" target=\"_blank\" rel=\"noopener\"><svg class=\"svg-inline--fa fa-instagram fa-w-14\" aria-hidden=\"true\" data-fa-processed=\"\" aria-label=\"Instagram\" data-prefix=\"fab\" data-icon=\"instagram\" role=\"img\" viewBox=\"0 0 448 512\">\r\n\t                <path fill=\"currentColor\" d=\"M224.1 141c-63.6 0-114.9 51.3-114.9 114.9s51.3 114.9 114.9 114.9S339 319.5 339 255.9 287.7 141 224.1 141zm0 189.6c-41.1 0-74.7-33.5-74.7-74.7s33.5-74.7 74.7-74.7 74.7 33.5 74.7 74.7-33.6 74.7-74.7 74.7zm146.4-194.3c0 14.9-12 26.8-26.8 26.8-14.9 0-26.8-12-26.8-26.8s12-26.8 26.8-26.8 26.8 12 26.8 26.8zm76.1 27.2c-1.7-35.9-9.9-67.7-36.2-93.9-26.2-26.2-58-34.4-93.9-36.2-37-2.1-147.9-2.1-184.9 0-35.8 1.7-67.6 9.9-93.9 36.1s-34.4 58-36.2 93.9c-2.1 37-2.1 147.9 0 184.9 1.7 35.9 9.9 67.7 36.2 93.9s58 34.4 93.9 36.2c37 2.1 147.9 2.1 184.9 0 35.9-1.7 67.7-9.9 93.9-36.2 26.2-26.2 34.4-58 36.2-93.9 2.1-37 2.1-147.8 0-184.8zM398.8 388c-7.8 19.6-22.9 34.7-42.6 42.6-29.5 11.7-99.5 9-132.1 9s-102.7 2.6-132.1-9c-19.6-7.8-34.7-22.9-42.6-42.6-11.7-29.5-9-99.5-9-132.1s-2.6-102.7 9-132.1c7.8-19.6 22.9-34.7 42.6-42.6 29.5-11.7 99.5-9 132.1-9s102.7-2.6 132.1 9c19.6 7.8 34.7 22.9 42.6 42.6 11.7 29.5 9 99.5 9 132.1s2.7 102.7-9 132.1z\"><\/path>\r\n\t            <\/svg>Siga nosso Instagram<\/a>\r\n    <\/span>\r\n\t\r\n<\/div>\n\n\r\n\t    <span class=\"sbi_resized_image_data\" data-feed-id=\"sbi_andradasodontologia#4\" data-resized=\"{&quot;17857419443684681&quot;:{&quot;id&quot;:&quot;274620314_1275871792904531_7560605208190986283_n&quot;,&quot;ratio&quot;:&quot;1.00&quot;,&quot;sizes&quot;:{&quot;full&quot;:640,&quot;low&quot;:320}},&quot;17842060691754302&quot;:{&quot;id&quot;:&quot;275481621_345369030863838_8656014215591188188_n.webp&quot;,&quot;ratio&quot;:&quot;1.00&quot;,&quot;sizes&quot;:{&quot;full&quot;:640,&quot;low&quot;:320}},&quot;17916460697461022&quot;:{&quot;id&quot;:&quot;278099206_156287456806302_7415155466488429328_n.webp&quot;,&quot;ratio&quot;:&quot;1.00&quot;,&quot;sizes&quot;:{&quot;full&quot;:640,&quot;low&quot;:320}},&quot;18089493499292386&quot;:{&quot;id&quot;:&quot;279137180_536106901478479_1773602883562216152_n.webp&quot;,&quot;ratio&quot;:&quot;1.00&quot;,&quot;sizes&quot;:{&quot;full&quot;:640,&quot;low&quot;:320}}}\">\r\n\t<\/span>\r\n\t        <div id=\"sbi_mod_error\">\r\n            <span>This error message is only visible to WordPress admins<\/span><br \/>\r\n        <p><b>Error: API requests are being delayed for this account. New posts will not be retrieved.<\/b><\/p><p>There may be an issue with the Instagram access token that you are using. Your server might also be unable to connect to Instagram at this time.<\/p>        <\/div>\r\n        <\/div><\/div>\n\t\t\t\t<\/div>\n\t\t\t\t<\/div>\n\t\t\t\t\t\t<\/div>\n\t\t\t<\/div>\n\t\t<\/div>\n\t\t\t\t\t\t<\/div>\n\t\t\t<\/div>\n\t\t<\/section>\n\t\t\t\t\t\t<\/div>\n\t\t\t<\/div>\n\t\t<\/div>\n\t\t","protected":false},"excerpt":{"rendered":"<p>Are You Searching For an Unforgettable Experience? Consider Hiring One Of Our Upscale Companions Are You in search of an amazing experience? One of our up-scale companions will ensure escort new york an incredible evening, leaving you feeling as if<\/p>\n","protected":false},"author":2,"featured_media":0,"parent":0,"menu_order":0,"comment_status":"closed","ping_status":"closed","template":"","meta":{"footnotes":""},"class_list":["post-586","page","type-page","status-publish","hentry"],"_links":{"self":[{"href":"https:\/\/andradasodontologia.com.br\/index.php\/wp-json\/wp\/v2\/pages\/586"}],"collection":[{"href":"https:\/\/andradasodontologia.com.br\/index.php\/wp-json\/wp\/v2\/pages"}],"about":[{"href":"https:\/\/andradasodontologia.com.br\/index.php\/wp-json\/wp\/v2\/types\/page"}],"author":[{"embeddable":true,"href":"https:\/\/andradasodontologia.com.br\/index.php\/wp-json\/wp\/v2\/users\/2"}],"replies":[{"embeddable":true,"href":"https:\/\/andradasodontologia.com.br\/index.php\/wp-json\/wp\/v2\/comments?post=586"}],"version-history":[{"count":5,"href":"https:\/\/andradasodontologia.com.br\/index.php\/wp-json\/wp\/v2\/pages\/586\/revisions"}],"predecessor-version":[{"id":14007,"href":"https:\/\/andradasodontologia.com.br\/index.php\/wp-json\/wp\/v2\/pages\/586\/revisions\/14007"}],"wp:attachment":[{"href":"https:\/\/andradasodontologia.com.br\/index.php\/wp-json\/wp\/v2\/media?parent=586"}],"curies":[{"name":"wp","href":"https:\/\/api.w.org\/{rel}","templated":true}]}}