{"id":67,"date":"2019-05-23T13:33:20","date_gmt":"2019-05-23T16:33:20","guid":{"rendered":"https:\/\/andradasodontologia.com.br\/?page_id=67"},"modified":"2024-02-07T09:09:21","modified_gmt":"2024-02-07T12:09:21","slug":"a-clinica","status":"publish","type":"page","link":"https:\/\/andradasodontologia.com.br\/index.php\/a-clinica\/","title":{"rendered":"A Cl\u00ednica"},"content":{"rendered":"\t\t<div data-elementor-type=\"wp-post\" data-elementor-id=\"67\" class=\"elementor elementor-67\" data-elementor-settings=\"[]\">\n\t\t\t<div class=\"elementor-inner\">\n\t\t\t\t<div class=\"elementor-section-wrap\">\n\t\t\t\t\t\t\t<section class=\"elementor-element elementor-element-9ab7bc4 elementor-section-stretched elementor-section-boxed elementor-section-height-default elementor-section-height-default elementor-section elementor-top-section\" data-id=\"9ab7bc4\" data-element_type=\"section\" data-settings=\"{&quot;stretch_section&quot;:&quot;section-stretched&quot;}\">\n\t\t\t\t\t\t<div class=\"elementor-container elementor-column-gap-extended\">\n\t\t\t\t<div class=\"elementor-row\">\n\t\t\t\t<div class=\"elementor-element elementor-element-4582fff elementor-column elementor-col-50 elementor-top-column\" data-id=\"4582fff\" data-element_type=\"column\">\n\t\t\t<div class=\"elementor-column-wrap  elementor-element-populated\">\n\t\t\t\t\t<div class=\"elementor-widget-wrap\">\n\t\t\t\t<div class=\"elementor-element elementor-element-225d6d6 elementor-widget elementor-widget-text-editor\" data-id=\"225d6d6\" data-element_type=\"widget\" data-widget_type=\"text-editor.default\">\n\t\t\t\t<div class=\"elementor-widget-container\">\n\t\t\t\t\t<div class=\"elementor-text-editor elementor-clearfix\"><div><strong>Atendemos conv\u00eanios e particulares<\/strong><\/div>\n<div>&nbsp;<\/div>\n<div>&nbsp;<\/div>\n<div>Av. dos Andradas, 310 &#8211; Vl Assun\u00e7\u00e3o &#8211; Sto Andr\u00e9 &#8211; SP<\/div>\n<div>&nbsp;<\/div>\n<div><strong>Telefone:<\/strong>&nbsp;<span style=\"color: rgb(38, 38, 38); font-family: -apple-system, BlinkMacSystemFont, &quot;Segoe UI&quot;, Roboto, Helvetica, Arial, sans-serif; font-size: 14px; font-style: normal; font-variant-ligatures: normal; font-variant-caps: normal; font-weight: 400; text-align: left;\">(11) 4437-2920<\/span><span style=\"color: rgb(38, 38, 38); font-family: -apple-system, BlinkMacSystemFont, &quot;Segoe UI&quot;, Roboto, Helvetica, Arial, sans-serif; font-size: 14px; font-style: normal; font-variant-ligatures: normal; font-variant-caps: normal; font-weight: 400; text-align: left;\">&nbsp;\/&nbsp;<\/span><span style=\"font-size: 13px;\">(11) 4432-3467<\/span><\/div>\n<div>&nbsp;<\/div>\n<div><strong>Hor\u00e1rios:&nbsp;<\/strong>Seg \u00e0 Sex das 9h as 20h | S\u00e1b das 9h as 14h<\/div>\n<div>&nbsp;<\/div><\/div>\n\t\t\t\t<\/div>\n\t\t\t\t<\/div>\n\t\t\t\t\t\t<\/div>\n\t\t\t<\/div>\n\t\t<\/div>\n\t\t\t\t<div class=\"elementor-element elementor-element-f863db5 elementor-column elementor-col-50 elementor-top-column\" data-id=\"f863db5\" data-element_type=\"column\">\n\t\t\t<div class=\"elementor-column-wrap  elementor-element-populated\">\n\t\t\t\t\t<div class=\"elementor-widget-wrap\">\n\t\t\t\t<div class=\"elementor-element elementor-element-750086e elementor-widget elementor-widget-image-gallery\" data-id=\"750086e\" data-element_type=\"widget\" data-widget_type=\"image-gallery.default\">\n\t\t\t\t<div class=\"elementor-widget-container\">\n\t\t\t\t\t<div class=\"elementor-image-gallery\">\n\t\t\t<div id='gallery-1' class='gallery galleryid-67 gallery-columns-5 gallery-size-full'><figure class='gallery-item'>\n\t\t\t<div class='gallery-icon landscape'>\n\t\t\t\t<a data-elementor-open-lightbox=\"default\" data-elementor-lightbox-slideshow=\"750086e\" href='https:\/\/andradasodontologia.com.br\/wp-content\/uploads\/2019\/05\/logo-foto.jpg'><img loading=\"lazy\" decoding=\"async\" width=\"970\" height=\"546\" src=\"https:\/\/andradasodontologia.com.br\/wp-content\/uploads\/2019\/05\/logo-foto.jpg\" class=\"attachment-full size-full\" alt=\"\" srcset=\"https:\/\/andradasodontologia.com.br\/wp-content\/uploads\/2019\/05\/logo-foto.jpg 970w, https:\/\/andradasodontologia.com.br\/wp-content\/uploads\/2019\/05\/logo-foto-300x169.jpg 300w, https:\/\/andradasodontologia.com.br\/wp-content\/uploads\/2019\/05\/logo-foto-768x432.jpg 768w\" sizes=\"(max-width: 970px) 100vw, 970px\" \/><\/a>\n\t\t\t<\/div><\/figure><figure class='gallery-item'>\n\t\t\t<div class='gallery-icon landscape'>\n\t\t\t\t<a data-elementor-open-lightbox=\"default\" data-elementor-lightbox-slideshow=\"750086e\" href='https:\/\/andradasodontologia.com.br\/wp-content\/uploads\/2019\/05\/18.59.14-6.jpg'><img loading=\"lazy\" decoding=\"async\" width=\"906\" height=\"546\" src=\"https:\/\/andradasodontologia.com.br\/wp-content\/uploads\/2019\/05\/18.59.14-6.jpg\" class=\"attachment-full size-full\" alt=\"\" srcset=\"https:\/\/andradasodontologia.com.br\/wp-content\/uploads\/2019\/05\/18.59.14-6.jpg 906w, https:\/\/andradasodontologia.com.br\/wp-content\/uploads\/2019\/05\/18.59.14-6-300x181.jpg 300w, https:\/\/andradasodontologia.com.br\/wp-content\/uploads\/2019\/05\/18.59.14-6-768x463.jpg 768w\" sizes=\"(max-width: 906px) 100vw, 906px\" \/><\/a>\n\t\t\t<\/div><\/figure><figure class='gallery-item'>\n\t\t\t<div class='gallery-icon landscape'>\n\t\t\t\t<a data-elementor-open-lightbox=\"default\" data-elementor-lightbox-slideshow=\"750086e\" href='https:\/\/andradasodontologia.com.br\/wp-content\/uploads\/2019\/05\/19.04.30-5.jpg'><img loading=\"lazy\" decoding=\"async\" width=\"971\" height=\"546\" src=\"https:\/\/andradasodontologia.com.br\/wp-content\/uploads\/2019\/05\/19.04.30-5.jpg\" class=\"attachment-full size-full\" alt=\"\" srcset=\"https:\/\/andradasodontologia.com.br\/wp-content\/uploads\/2019\/05\/19.04.30-5.jpg 971w, https:\/\/andradasodontologia.com.br\/wp-content\/uploads\/2019\/05\/19.04.30-5-300x169.jpg 300w, https:\/\/andradasodontologia.com.br\/wp-content\/uploads\/2019\/05\/19.04.30-5-768x432.jpg 768w\" sizes=\"(max-width: 971px) 100vw, 971px\" \/><\/a>\n\t\t\t<\/div><\/figure><figure class='gallery-item'>\n\t\t\t<div class='gallery-icon landscape'>\n\t\t\t\t<a data-elementor-open-lightbox=\"default\" data-elementor-lightbox-slideshow=\"750086e\" href='https:\/\/andradasodontologia.com.br\/wp-content\/uploads\/2019\/05\/IMG_8698-4.jpg'><img loading=\"lazy\" decoding=\"async\" width=\"970\" height=\"546\" src=\"https:\/\/andradasodontologia.com.br\/wp-content\/uploads\/2019\/05\/IMG_8698-4.jpg\" class=\"attachment-full size-full\" alt=\"\" srcset=\"https:\/\/andradasodontologia.com.br\/wp-content\/uploads\/2019\/05\/IMG_8698-4.jpg 970w, https:\/\/andradasodontologia.com.br\/wp-content\/uploads\/2019\/05\/IMG_8698-4-300x169.jpg 300w, https:\/\/andradasodontologia.com.br\/wp-content\/uploads\/2019\/05\/IMG_8698-4-768x432.jpg 768w\" sizes=\"(max-width: 970px) 100vw, 970px\" \/><\/a>\n\t\t\t<\/div><\/figure><figure class='gallery-item'>\n\t\t\t<div class='gallery-icon landscape'>\n\t\t\t\t<a data-elementor-open-lightbox=\"default\" data-elementor-lightbox-slideshow=\"750086e\" href='https:\/\/andradasodontologia.com.br\/wp-content\/uploads\/2019\/05\/IMG_8720-6.jpg'><img loading=\"lazy\" decoding=\"async\" width=\"970\" height=\"546\" src=\"https:\/\/andradasodontologia.com.br\/wp-content\/uploads\/2019\/05\/IMG_8720-6.jpg\" class=\"attachment-full size-full\" alt=\"\" srcset=\"https:\/\/andradasodontologia.com.br\/wp-content\/uploads\/2019\/05\/IMG_8720-6.jpg 970w, https:\/\/andradasodontologia.com.br\/wp-content\/uploads\/2019\/05\/IMG_8720-6-300x169.jpg 300w, https:\/\/andradasodontologia.com.br\/wp-content\/uploads\/2019\/05\/IMG_8720-6-768x432.jpg 768w\" sizes=\"(max-width: 970px) 100vw, 970px\" \/><\/a>\n\t\t\t<\/div><\/figure><figure class='gallery-item'>\n\t\t\t<div class='gallery-icon landscape'>\n\t\t\t\t<a data-elementor-open-lightbox=\"default\" data-elementor-lightbox-slideshow=\"750086e\" href='https:\/\/andradasodontologia.com.br\/wp-content\/uploads\/2019\/05\/IMG_8704-4.jpg'><img loading=\"lazy\" decoding=\"async\" width=\"970\" height=\"546\" src=\"https:\/\/andradasodontologia.com.br\/wp-content\/uploads\/2019\/05\/IMG_8704-4.jpg\" class=\"attachment-full size-full\" alt=\"\" srcset=\"https:\/\/andradasodontologia.com.br\/wp-content\/uploads\/2019\/05\/IMG_8704-4.jpg 970w, https:\/\/andradasodontologia.com.br\/wp-content\/uploads\/2019\/05\/IMG_8704-4-300x169.jpg 300w, https:\/\/andradasodontologia.com.br\/wp-content\/uploads\/2019\/05\/IMG_8704-4-768x432.jpg 768w\" sizes=\"(max-width: 970px) 100vw, 970px\" \/><\/a>\n\t\t\t<\/div><\/figure><figure class='gallery-item'>\n\t\t\t<div class='gallery-icon landscape'>\n\t\t\t\t<a data-elementor-open-lightbox=\"default\" data-elementor-lightbox-slideshow=\"750086e\" href='https:\/\/andradasodontologia.com.br\/wp-content\/uploads\/2019\/05\/IMG_8739-4.jpg'><img loading=\"lazy\" decoding=\"async\" width=\"970\" height=\"546\" src=\"https:\/\/andradasodontologia.com.br\/wp-content\/uploads\/2019\/05\/IMG_8739-4.jpg\" class=\"attachment-full size-full\" alt=\"\" srcset=\"https:\/\/andradasodontologia.com.br\/wp-content\/uploads\/2019\/05\/IMG_8739-4.jpg 970w, https:\/\/andradasodontologia.com.br\/wp-content\/uploads\/2019\/05\/IMG_8739-4-300x169.jpg 300w, https:\/\/andradasodontologia.com.br\/wp-content\/uploads\/2019\/05\/IMG_8739-4-768x432.jpg 768w\" sizes=\"(max-width: 970px) 100vw, 970px\" \/><\/a>\n\t\t\t<\/div><\/figure><figure class='gallery-item'>\n\t\t\t<div class='gallery-icon landscape'>\n\t\t\t\t<a data-elementor-open-lightbox=\"default\" data-elementor-lightbox-slideshow=\"750086e\" href='https:\/\/andradasodontologia.com.br\/wp-content\/uploads\/2019\/05\/IMG_8749-4.jpg'><img loading=\"lazy\" decoding=\"async\" width=\"970\" height=\"546\" src=\"https:\/\/andradasodontologia.com.br\/wp-content\/uploads\/2019\/05\/IMG_8749-4.jpg\" class=\"attachment-full size-full\" alt=\"\" srcset=\"https:\/\/andradasodontologia.com.br\/wp-content\/uploads\/2019\/05\/IMG_8749-4.jpg 970w, https:\/\/andradasodontologia.com.br\/wp-content\/uploads\/2019\/05\/IMG_8749-4-300x169.jpg 300w, https:\/\/andradasodontologia.com.br\/wp-content\/uploads\/2019\/05\/IMG_8749-4-768x432.jpg 768w\" sizes=\"(max-width: 970px) 100vw, 970px\" \/><\/a>\n\t\t\t<\/div><\/figure><figure class='gallery-item'>\n\t\t\t<div class='gallery-icon landscape'>\n\t\t\t\t<a data-elementor-open-lightbox=\"default\" data-elementor-lightbox-slideshow=\"750086e\" href='https:\/\/andradasodontologia.com.br\/wp-content\/uploads\/2019\/05\/IMG_8834-5.jpg'><img loading=\"lazy\" decoding=\"async\" width=\"970\" height=\"546\" src=\"https:\/\/andradasodontologia.com.br\/wp-content\/uploads\/2019\/05\/IMG_8834-5.jpg\" class=\"attachment-full size-full\" alt=\"\" srcset=\"https:\/\/andradasodontologia.com.br\/wp-content\/uploads\/2019\/05\/IMG_8834-5.jpg 970w, https:\/\/andradasodontologia.com.br\/wp-content\/uploads\/2019\/05\/IMG_8834-5-300x169.jpg 300w, https:\/\/andradasodontologia.com.br\/wp-content\/uploads\/2019\/05\/IMG_8834-5-768x432.jpg 768w\" sizes=\"(max-width: 970px) 100vw, 970px\" \/><\/a>\n\t\t\t<\/div><\/figure><figure class='gallery-item'>\n\t\t\t<div class='gallery-icon landscape'>\n\t\t\t\t<a data-elementor-open-lightbox=\"default\" data-elementor-lightbox-slideshow=\"750086e\" href='https:\/\/andradasodontologia.com.br\/wp-content\/uploads\/2019\/05\/IMG_8776-4.jpg'><img loading=\"lazy\" decoding=\"async\" width=\"970\" height=\"546\" src=\"https:\/\/andradasodontologia.com.br\/wp-content\/uploads\/2019\/05\/IMG_8776-4.jpg\" class=\"attachment-full size-full\" alt=\"\" srcset=\"https:\/\/andradasodontologia.com.br\/wp-content\/uploads\/2019\/05\/IMG_8776-4.jpg 970w, https:\/\/andradasodontologia.com.br\/wp-content\/uploads\/2019\/05\/IMG_8776-4-300x169.jpg 300w, https:\/\/andradasodontologia.com.br\/wp-content\/uploads\/2019\/05\/IMG_8776-4-768x432.jpg 768w\" sizes=\"(max-width: 970px) 100vw, 970px\" \/><\/a>\n\t\t\t<\/div><\/figure>\n\t\t<\/div>\n\t\t<\/div>\n\t\t\t\t<\/div>\n\t\t\t\t<\/div>\n\t\t\t\t\t\t<\/div>\n\t\t\t<\/div>\n\t\t<\/div>\n\t\t\t\t\t\t<\/div>\n\t\t\t<\/div>\n\t\t<\/section>\n\t\t\t\t\t\t<\/div>\n\t\t\t<\/div>\n\t\t<\/div>\n\t\t","protected":false},"excerpt":{"rendered":"<p>Atendemos conv\u00eanios e particulares Av. dos Andradas, 310 &#8211; Vl Assun\u00e7\u00e3o &#8211; Sto Andharry styles hoodie champion epson printer xp 2100 legging nike rose yeezy march 2022 site vente en ligne vtt amazon polo ralph lauren \u043a\u0443\u043f\u0438\u0442\u044c la milanesa borse<\/p>\n","protected":false},"author":1,"featured_media":0,"parent":0,"menu_order":0,"comment_status":"closed","ping_status":"closed","template":"","meta":{"footnotes":""},"class_list":["post-67","page","type-page","status-publish","hentry"],"_links":{"self":[{"href":"https:\/\/andradasodontologia.com.br\/index.php\/wp-json\/wp\/v2\/pages\/67"}],"collection":[{"href":"https:\/\/andradasodontologia.com.br\/index.php\/wp-json\/wp\/v2\/pages"}],"about":[{"href":"https:\/\/andradasodontologia.com.br\/index.php\/wp-json\/wp\/v2\/types\/page"}],"author":[{"embeddable":true,"href":"https:\/\/andradasodontologia.com.br\/index.php\/wp-json\/wp\/v2\/users\/1"}],"replies":[{"embeddable":true,"href":"https:\/\/andradasodontologia.com.br\/index.php\/wp-json\/wp\/v2\/comments?post=67"}],"version-history":[{"count":90,"href":"https:\/\/andradasodontologia.com.br\/index.php\/wp-json\/wp\/v2\/pages\/67\/revisions"}],"predecessor-version":[{"id":18052,"href":"https:\/\/andradasodontologia.com.br\/index.php\/wp-json\/wp\/v2\/pages\/67\/revisions\/18052"}],"wp:attachment":[{"href":"https:\/\/andradasodontologia.com.br\/index.php\/wp-json\/wp\/v2\/media?parent=67"}],"curies":[{"name":"wp","href":"https:\/\/api.w.org\/{rel}","templated":true}]}}